{"id":22,"date":"2015-04-14T10:39:55","date_gmt":"2015-04-14T08:39:55","guid":{"rendered":"http:\/\/cpbelviraespana.educacion.navarra.es\/web\/?page_id=22"},"modified":"2017-02-09T14:02:27","modified_gmt":"2017-02-09T13:02:27","slug":"historia-del-colegio","status":"publish","type":"page","link":"https:\/\/cpbelviraespana.educacion.navarra.es\/web\/historia-del-colegio\/","title":{"rendered":"Historia del Colegio"},"content":{"rendered":"<p><strong><span style=\"text-decoration: underline;\">Tres siglos de historia educativa<\/span><\/strong><\/p>\n<p><img loading=\"lazy\" class=\" size-full wp-image-24 alignleft\" src=\"http:\/\/cpbelviraespana.educacion.navarra.es\/web\/wp-content\/uploads\/2015\/04\/historia1.jpg\" alt=\"historia1\" width=\"131\" height=\"82\" \/>El colegio naci\u00f3 en el siglo XVIII, aunque entonces ten\u00eda otro nombre y ubicaci\u00f3n. Desde entonces no ha cesado su actividad educativa. En estos siglos ha formado a generaciones de tudelanos y sus aulas han conocido los avatares de la historia y la educaci\u00f3n. La actividad docente del Colegio comenz\u00f3 en el edificio Castel-Ruiz, pero en estos siglos ha contado con aulas en otros edificios como la Casa del Reloj en la Plaza de los Fueros, Huerfanicos, las Protegidas, Capuchinos&#8230; En el XIX y en la actual ubicaci\u00f3n se levantaron aulas de p\u00e1rvulos y las primeras viviendas de maestros. Los edificios se ampliaron d\u00e9cadas despu\u00e9s y se derribaron.<\/p>\n<p><strong><span style=\"text-decoration: underline;\">Titular y nombre actual<\/span><\/strong><\/p>\n<p>Durante m\u00e1s de dos siglos, hasta 1975, ha sido pr\u00e1cticamente el \u00fanico centro docente p\u00fablico de Tudela; lleg\u00f3 a tener hasta 1500 alumnos.<br \/>\nDesde 1990, el titular del centro es el Gobierno de Navarra. Anteriormente depend\u00eda del Estado a trav\u00e9s del Ministerio de Educaci\u00f3n y Ciencia (M.E.C.) y durante el XVIII y XIX del Ayuntamiento, como escuelas municipales.<br \/>\nHace siete d\u00e9cadas se le a\u00f1adi\u00f3 el nombre espec\u00edfico actual \u201cElvira Espa\u00f1a\u201d. Do\u00f1a Elvira Espa\u00f1a fue una maestra parvulista del Colegio, muy querida en la ciudad, y que durante 60 a\u00f1os (finales del XIX y principios del XX) ense\u00f1\u00f3 en sus aulas a leer y escribir a cientos de tudelanos.<\/p>\n<p><strong><span style=\"text-decoration: underline;\"><br \/>\nConjunto de edificios escolares de inter\u00e9s singular<\/span><\/strong><\/p>\n<p>El actual conjunto ha sido catalogado por el Gobierno de Navarra y Ayuntamiento como de inter\u00e9s singular. Se trata de construcciones prototipo de arquitectura escolar de gran inter\u00e9s por estar en uso y mantener sus caracter\u00edsticas primigenias. Todo el conjunto est\u00e1 catalogado en el primer nivel de protecci\u00f3n arquitect\u00f3nico de la ciudad junto a otros edificios m\u00e1s antiguos y\/o de inter\u00e9s art\u00edstico.<\/p>\n<p>El conjunto se compone de cuatro construcciones: el Edificio Central, prototipo de arquitectura escolar de comienzos del XX; el Edificio Moneo, una de las obras primigenias del arquitecto tudelano Rafael Moneo, recibi\u00f3 un Premio Nacional; el Edificio Blasco, levantado hace 20 a\u00f1os; las antiguas viviendas de maestros. Los tres primeros<\/p>\n<p><strong><span style=\"text-decoration: underline;\">Escudo, logo e imagen corporativa<\/span><\/strong><\/p>\n<p>Definen en gran medida la identidad y objetivos del centro.<\/p>\n<p><strong>Logotipo:<\/strong><br \/>\nEn color amarillo, doble \u201cE\u201d sobre fondo azul (color de la Uni\u00f3n europea). Son las iniciales del nombre propio del Colegio: Elvira Espa\u00f1a. Pero tambi\u00e9n lo son de \u201cEnglish Europe\u201d.<\/p>\n<p><strong>Escudo:<\/strong><br \/>\nEs emblema muy t\u00edpico de la cultura anglosajona. Los cuatro cuarteles resumen las se\u00f1as de identidad:<\/p>\n<ul>\n<li>Bandera de Europa: vocaci\u00f3n europe\u00edsta del Colegio.<\/li>\n<li>Roble (\u00e1rbol que es s\u00edmbolo de la sabidur\u00eda y actividad docente).<\/li>\n<li>R\u00edo Ebro: colegio de Tudela y abierto a la Ribera.<\/li>\n<\/ul>\n<p>Doble \u00abE\u00bb: La \u00abe\u00bb may\u00fascula simboliza al tutor mientras que la \u00abe\u00bb min\u00fascula es el alumno.<\/p>\n","protected":false},"excerpt":{"rendered":"<p>Tres siglos de historia educativa El colegio naci\u00f3 en el siglo XVIII, aunque entonces ten\u00eda otro nombre y ubicaci\u00f3n. Desde entonces no ha cesado su actividad educativa. En estos siglos ha formado a generaciones de tudelanos y sus aulas han conocido los avatares de la historia y la educaci\u00f3n. La actividad docente del Colegio comenz\u00f3 [&hellip;]<\/p>\n","protected":false},"author":1,"featured_media":0,"parent":0,"menu_order":0,"comment_status":"open","ping_status":"open","template":"","meta":{"_genesis_hide_title":false,"_genesis_hide_breadcrumbs":false,"_genesis_hide_singular_image":false,"_genesis_hide_footer_widgets":false,"_genesis_custom_body_class":"","_genesis_custom_post_class":"","_genesis_layout":""},"_links":{"self":[{"href":"https:\/\/cpbelviraespana.educacion.navarra.es\/web\/wp-json\/wp\/v2\/pages\/22"}],"collection":[{"href":"https:\/\/cpbelviraespana.educacion.navarra.es\/web\/wp-json\/wp\/v2\/pages"}],"about":[{"href":"https:\/\/cpbelviraespana.educacion.navarra.es\/web\/wp-json\/wp\/v2\/types\/page"}],"author":[{"embeddable":true,"href":"https:\/\/cpbelviraespana.educacion.navarra.es\/web\/wp-json\/wp\/v2\/users\/1"}],"replies":[{"embeddable":true,"href":"https:\/\/cpbelviraespana.educacion.navarra.es\/web\/wp-json\/wp\/v2\/comments?post=22"}],"version-history":[{"count":4,"href":"https:\/\/cpbelviraespana.educacion.navarra.es\/web\/wp-json\/wp\/v2\/pages\/22\/revisions"}],"predecessor-version":[{"id":1682,"href":"https:\/\/cpbelviraespana.educacion.navarra.es\/web\/wp-json\/wp\/v2\/pages\/22\/revisions\/1682"}],"wp:attachment":[{"href":"https:\/\/cpbelviraespana.educacion.navarra.es\/web\/wp-json\/wp\/v2\/media?parent=22"}],"curies":[{"name":"wp","href":"https:\/\/api.w.org\/{rel}","templated":true}]}}