{"id":36,"date":"2015-04-14T11:01:17","date_gmt":"2015-04-14T09:01:17","guid":{"rendered":"http:\/\/cpbelviraespana.educacion.navarra.es\/web\/?page_id=36"},"modified":"2020-01-15T14:58:58","modified_gmt":"2020-01-15T13:58:58","slug":"proyecto-educativo","status":"publish","type":"page","link":"https:\/\/cpbelviraespana.educacion.navarra.es\/web\/proyecto-educativo\/","title":{"rendered":"Proyecto Educativo"},"content":{"rendered":"\n<p>Como <strong>centro docente p\u00fablico cuenta con se\u00f1as singulares por su larga historia educativa<\/strong> pero tambi\u00e9n por el actual Proyecto educativo (aprobado hace una d\u00e9cada) y por los rasgos que desea proyectar.<\/p>\n\n\n\n<p><strong>1. Vocaci\u00f3n europe\u00edsta<\/strong><\/p>\n\n\n\n<p>El 1 de enero de 1986 Espa\u00f1a ingres\u00f3 como miembro de pleno derecho en la Uni\u00f3n Europea. Nuestro pa\u00eds siempre ha manifestado un particular protagonismo y ha desplegado una especial actividad en el desarrollo e implantaci\u00f3n de la idea de la Europa de los Ciudadanos. Nuestro pa\u00eds se siente europeo y quiere demostrarlo.<strong> Nuestro colegio apuesta por ello<\/strong>.<\/p>\n\n\n\n<p>En una Europa cada vez m\u00e1s unida y sin fronteras este colegio desea promover en el alumnado y familias una visi\u00f3n europe\u00edsta. Fomentaremos la <strong>participaci\u00f3n en programas educativos promovidos por la Uni\u00f3n Europea<\/strong>, tanto de colaboraci\u00f3n entre colegios como de intercambio entre profesores y alumnos; participaremos igualmente en cualquier actividad que suponga un mejor conocimiento de otros pa\u00edses miembros de la Uni\u00f3n Europea<\/p>\n\n\n\n<p><strong>2. Ense\u00f1anza biling\u00fce<\/strong><\/p>\n\n\n\n<p>Nuevos pa\u00edses se van incorporando a la Uni\u00f3n Europea. Cada nuevo pa\u00eds trae su cultura y su idioma. Somos muchos y hablamos muchos idiomas. Ya no es posible entenderse con todos conociendo \u00fanicamente una lengua.<\/p>\n\n\n\n<p>Es objetivo de la Uni\u00f3n Europea que sus ciudadanos dominen otras dos lenguas comunitarias adem\u00e1s de la propia. Desde hace a\u00f1os en el colegio se ha implantado una ense\u00f1anza biling\u00fce Ingl\u00e9s-Espa\u00f1ol (50 % en cada idioma).<br><strong>Esta ense\u00f1anza est\u00e1 actualmente amparada por un Convenio internacional M.E.C.-British Council<\/strong> al que se ha adherido el Gobierno de Navarra.<\/p>\n\n\n\n<p><strong>3. Centro p\u00fablico hist\u00f3rico con proyecci\u00f3n al futuro<\/strong><\/p>\n\n\n\n<p>A las se\u00f1as de identidad y objetivos habituales de los centros p\u00fablicos hay que a\u00f1adir nuestra situaci\u00f3n como&nbsp;centro educativo hist\u00f3rico y el deseo de proyecci\u00f3n al futuro mediante el uso de la Nuevas Tecnolog\u00edas (NNTT) y los programas de innovaci\u00f3n educativa.<\/p>\n\n\n\n<p>En la era de Internet fomentamos el aprendizaje y uso de las TIC tanto en alumnos como en profesores para el desarrollo de tareas diarias.<\/p>\n","protected":false},"excerpt":{"rendered":"<p>Como centro docente p\u00fablico cuenta con se\u00f1as singulares por su larga historia educativa pero tambi\u00e9n por el actual Proyecto educativo (aprobado hace una d\u00e9cada) y por los rasgos que desea proyectar. 1. Vocaci\u00f3n europe\u00edsta El 1 de enero de 1986 Espa\u00f1a ingres\u00f3 como miembro de pleno derecho en la Uni\u00f3n Europea. Nuestro pa\u00eds siempre ha [&hellip;]<\/p>\n","protected":false},"author":1,"featured_media":0,"parent":0,"menu_order":0,"comment_status":"open","ping_status":"open","template":"","meta":{"_genesis_hide_title":false,"_genesis_hide_breadcrumbs":false,"_genesis_hide_singular_image":false,"_genesis_hide_footer_widgets":false,"_genesis_custom_body_class":"","_genesis_custom_post_class":"","_genesis_layout":""},"_links":{"self":[{"href":"https:\/\/cpbelviraespana.educacion.navarra.es\/web\/wp-json\/wp\/v2\/pages\/36"}],"collection":[{"href":"https:\/\/cpbelviraespana.educacion.navarra.es\/web\/wp-json\/wp\/v2\/pages"}],"about":[{"href":"https:\/\/cpbelviraespana.educacion.navarra.es\/web\/wp-json\/wp\/v2\/types\/page"}],"author":[{"embeddable":true,"href":"https:\/\/cpbelviraespana.educacion.navarra.es\/web\/wp-json\/wp\/v2\/users\/1"}],"replies":[{"embeddable":true,"href":"https:\/\/cpbelviraespana.educacion.navarra.es\/web\/wp-json\/wp\/v2\/comments?post=36"}],"version-history":[{"count":4,"href":"https:\/\/cpbelviraespana.educacion.navarra.es\/web\/wp-json\/wp\/v2\/pages\/36\/revisions"}],"predecessor-version":[{"id":1889,"href":"https:\/\/cpbelviraespana.educacion.navarra.es\/web\/wp-json\/wp\/v2\/pages\/36\/revisions\/1889"}],"wp:attachment":[{"href":"https:\/\/cpbelviraespana.educacion.navarra.es\/web\/wp-json\/wp\/v2\/media?parent=36"}],"curies":[{"name":"wp","href":"https:\/\/api.w.org\/{rel}","templated":true}]}}