{"id":59,"date":"2015-04-17T11:24:19","date_gmt":"2015-04-17T09:24:19","guid":{"rendered":"http:\/\/cpbelviraespana.educacion.navarra.es\/web\/?page_id=59"},"modified":"2020-01-15T14:44:16","modified_gmt":"2020-01-15T13:44:16","slug":"atencion-al-publico","status":"publish","type":"page","link":"https:\/\/cpbelviraespana.educacion.navarra.es\/web\/atencion-al-publico\/","title":{"rendered":"ATENCI\u00d3N AL P\u00daBLICO"},"content":{"rendered":"\n<figure class=\"wp-block-table\"><table class=\"\"><tbody><tr><td><figure><iframe loading=\"lazy\" src=\"https:\/\/maps.google.es\/maps?cid=1768614662195117356&amp;q=Colegio+P%C3%BAblico+Elvira+Espa%C3%B1a&amp;ie=UTF8&amp;hq=&amp;hnear=&amp;t=m&amp;iwloc=A&amp;ll=42.062051,-1.609083&amp;spn=0,0&amp;output=embed\" width=\"425\" height=\"350\" frameborder=\"0\" marginwidth=\"0\" marginheight=\"0\" scrolling=\"no\"><\/iframe><\/figure><br><small><a style=\"color: #0000ff; text-align: left;\" href=\"https:\/\/maps.google.es\/maps?cid=1768614662195117356&amp;q=Colegio+P%C3%BAblico+Elvira+Espa%C3%B1a&amp;ie=UTF8&amp;hq=&amp;hnear=&amp;t=m&amp;iwloc=A&amp;ll=42.062051,-1.609083&amp;spn=0,0&amp;source=embed\">Ver mapa m\u00e1s grande<\/a><\/small><\/td><td><strong>&nbsp; &nbsp; &nbsp;Direcci\u00f3n Postal: <\/strong><strong><br><\/strong>&nbsp; &nbsp; &nbsp;Alberto Pelairea, 9 &nbsp;31.500 Tudela<strong>&nbsp; &nbsp; <\/strong><strong>&nbsp; &nbsp; <\/strong>\n<p>&nbsp;<\/p>\n<p><strong>&nbsp; &nbsp; Tel\u00e9fono:<\/strong> 948 82 00 87<br><strong>&nbsp; &nbsp; Fax:<\/strong> 948 40 32 86<br><strong>&nbsp; &nbsp; Correo Electr\u00f3nico:<\/strong>&nbsp; &nbsp; &nbsp; &nbsp; &nbsp;&nbsp;<a href=\"mailto:oficina.cpelvira@educacion.navarra.es\">oficina.cpelvira@educacion.navarra.es<\/a><\/p>\n<\/td><\/tr><\/tbody><\/table><\/figure>\n\n\n\n<p>La Secretar\u00eda del colegio est\u00e1 abierta al p\u00fablico de 9:00 a 14:00 de Lunes a Viernes. <strong>Las gestiones pueden realizarse tanto por tel\u00e9fono, como por fax, correo electr\u00f3nico o desde esta p\u00e1gina web<\/strong>.<\/p>\n\n\n\n<p>No se facilitar\u00e1 ning\u00fan tipo de informaci\u00f3n privada o confidencial del alumnado si no se acredita la representaci\u00f3n legal del mismo.<\/p>\n\n\n\n<p>Si necesitas contactar con el centro, <strong>puedes rellenar este formulario<\/strong>.<\/p>\n\n\n\n<hr class=\"wp-block-separator\"\/>\n\n\n<div role=\"form\" class=\"wpcf7\" id=\"wpcf7-f4-o1\" lang=\"es-ES\" dir=\"ltr\">\n<div class=\"screen-reader-response\"><p role=\"status\" aria-live=\"polite\" aria-atomic=\"true\"><\/p> <ul><\/ul><\/div>\n<form action=\"\/web\/wp-json\/wp\/v2\/pages\/59#wpcf7-f4-o1\" method=\"post\" class=\"wpcf7-form init\" novalidate=\"novalidate\" data-status=\"init\">\n<div style=\"display: none;\">\n<input type=\"hidden\" name=\"_wpcf7\" value=\"4\" \/>\n<input type=\"hidden\" name=\"_wpcf7_version\" value=\"5.6.4\" \/>\n<input type=\"hidden\" name=\"_wpcf7_locale\" value=\"es_ES\" \/>\n<input type=\"hidden\" name=\"_wpcf7_unit_tag\" value=\"wpcf7-f4-o1\" \/>\n<input type=\"hidden\" name=\"_wpcf7_container_post\" value=\"0\" \/>\n<input type=\"hidden\" name=\"_wpcf7_posted_data_hash\" value=\"\" \/>\n<\/div>\n<p>Nombre y apellidos<br \/>\n    <span class=\"wpcf7-form-control-wrap\" data-name=\"your-name\"><input type=\"text\" name=\"your-name\" value=\"\" size=\"40\" class=\"wpcf7-form-control wpcf7-text wpcf7-validates-as-required\" aria-required=\"true\" aria-invalid=\"false\" \/><\/span> <\/p>\n<p>Email<br \/>\n    <span class=\"wpcf7-form-control-wrap\" data-name=\"your-email\"><input type=\"email\" name=\"your-email\" value=\"\" size=\"40\" class=\"wpcf7-form-control wpcf7-text wpcf7-email wpcf7-validates-as-required wpcf7-validates-as-email\" aria-required=\"true\" aria-invalid=\"false\" \/><\/span> <\/p>\n<p>Asunto<br \/>\n    <span class=\"wpcf7-form-control-wrap\" data-name=\"your-subject\"><input type=\"text\" name=\"your-subject\" value=\"\" size=\"40\" class=\"wpcf7-form-control wpcf7-text wpcf7-validates-as-required\" aria-required=\"true\" aria-invalid=\"false\" \/><\/span> <\/p>\n<p>Mensaje<br \/>\n    <span class=\"wpcf7-form-control-wrap\" data-name=\"your-message\"><textarea name=\"your-message\" cols=\"40\" rows=\"10\" class=\"wpcf7-form-control wpcf7-textarea wpcf7-validates-as-required\" aria-required=\"true\" aria-invalid=\"false\"><\/textarea><\/span> <\/p>\n<p>Pregunta de verificaci\u00f3n antispam<br \/>\n    <span class=\"wpcf7-form-control-wrap\" data-name=\"quiz-409\"><label><span class=\"wpcf7-quiz-label\">\u00bfCu\u00e1nto suman 35+25?<\/span> <input type=\"text\" name=\"quiz-409\" size=\"40\" class=\"wpcf7-form-control wpcf7-quiz\" autocomplete=\"off\" aria-required=\"true\" aria-invalid=\"false\" \/><\/label><input type=\"hidden\" name=\"_wpcf7_quiz_answer_quiz-409\" value=\"90fe48e48cf84db2a48a441c6640e27b\" \/><\/span> <\/p>\n<p><input type=\"submit\" value=\"Enviar\" class=\"wpcf7-form-control has-spinner wpcf7-submit\" \/><\/p>\n<p style=\"display: none !important;\" class=\"akismet-fields-container\" data-prefix=\"_wpcf7_ak_\"><label>&#916;<textarea name=\"_wpcf7_ak_hp_textarea\" cols=\"45\" rows=\"8\" maxlength=\"100\"><\/textarea><\/label><input type=\"hidden\" id=\"ak_js_1\" name=\"_wpcf7_ak_js\" value=\"7\"\/><script>document.getElementById( \"ak_js_1\" ).setAttribute( \"value\", ( new Date() ).getTime() );<\/script><\/p><div class=\"wpcf7-response-output\" aria-hidden=\"true\"><\/div><\/form><\/div>\n","protected":false},"excerpt":{"rendered":"<p>Ver mapa m\u00e1s grande &nbsp; &nbsp; &nbsp;Direcci\u00f3n Postal: &nbsp; &nbsp; &nbsp;Alberto Pelairea, 9 &nbsp;31.500 Tudela&nbsp; &nbsp; &nbsp; &nbsp; &nbsp; &nbsp; &nbsp; Tel\u00e9fono: 948 82 00 87&nbsp; &nbsp; Fax: 948 40 32 86&nbsp; &nbsp; Correo Electr\u00f3nico:&nbsp; &nbsp; &nbsp; &nbsp; &nbsp;&nbsp;oficina.cpelvira@educacion.navarra.es La Secretar\u00eda del colegio est\u00e1 abierta al p\u00fablico de 9:00 a 14:00 de Lunes a Viernes. [&hellip;]<\/p>\n","protected":false},"author":1,"featured_media":0,"parent":0,"menu_order":0,"comment_status":"open","ping_status":"open","template":"","meta":{"_genesis_hide_title":false,"_genesis_hide_breadcrumbs":false,"_genesis_hide_singular_image":false,"_genesis_hide_footer_widgets":false,"_genesis_custom_body_class":"","_genesis_custom_post_class":"","_genesis_layout":""},"_links":{"self":[{"href":"https:\/\/cpbelviraespana.educacion.navarra.es\/web\/wp-json\/wp\/v2\/pages\/59"}],"collection":[{"href":"https:\/\/cpbelviraespana.educacion.navarra.es\/web\/wp-json\/wp\/v2\/pages"}],"about":[{"href":"https:\/\/cpbelviraespana.educacion.navarra.es\/web\/wp-json\/wp\/v2\/types\/page"}],"author":[{"embeddable":true,"href":"https:\/\/cpbelviraespana.educacion.navarra.es\/web\/wp-json\/wp\/v2\/users\/1"}],"replies":[{"embeddable":true,"href":"https:\/\/cpbelviraespana.educacion.navarra.es\/web\/wp-json\/wp\/v2\/comments?post=59"}],"version-history":[{"count":14,"href":"https:\/\/cpbelviraespana.educacion.navarra.es\/web\/wp-json\/wp\/v2\/pages\/59\/revisions"}],"predecessor-version":[{"id":1874,"href":"https:\/\/cpbelviraespana.educacion.navarra.es\/web\/wp-json\/wp\/v2\/pages\/59\/revisions\/1874"}],"wp:attachment":[{"href":"https:\/\/cpbelviraespana.educacion.navarra.es\/web\/wp-json\/wp\/v2\/media?parent=59"}],"curies":[{"name":"wp","href":"https:\/\/api.w.org\/{rel}","templated":true}]}}