{"id":65,"date":"2015-04-17T11:25:54","date_gmt":"2015-04-17T09:25:54","guid":{"rendered":"http:\/\/cpbelviraespana.educacion.navarra.es\/web\/?page_id=65"},"modified":"2020-01-15T14:45:53","modified_gmt":"2020-01-15T13:45:53","slug":"certificados","status":"publish","type":"page","link":"https:\/\/cpbelviraespana.educacion.navarra.es\/web\/certificados\/","title":{"rendered":"Certificados"},"content":{"rendered":"\n<p>El centro expide cualquier tipo de certificado que las familias pueden necesitar sobre cuestiones de matriculaci\u00f3n y asistencia a clase de sus hijos e hijas. Igualmente, el centro puede emitir compulsas de cualquier tipo de documento.<\/p>\n\n\n\n<p>En ambos casos, y seg\u00fan la Ley Foral 7\/2001 sobre Tasas y Precios P\u00fablicos, los solicitantes deber\u00e1n abonar 5 euros por cada certificaci\u00f3n y 2,5 euros por cada fotocopia compulsada.<\/p>\n\n\n\n<p>Los certificados pueden solicitarse por tel\u00e9fono, fax o correo electr\u00f3nico. Tambi\u00e9n pueden ponerse en contacto con nosotros a trav\u00e9s del men\u00fa de esta p\u00e1gina web.<br>Tel\u00e9fono: 948 820087 Fax 948 403286<\/p>\n","protected":false},"excerpt":{"rendered":"<p>El centro expide cualquier tipo de certificado que las familias pueden necesitar sobre cuestiones de matriculaci\u00f3n y asistencia a clase de sus hijos e hijas. Igualmente, el centro puede emitir compulsas de cualquier tipo de documento. En ambos casos, y seg\u00fan la Ley Foral 7\/2001 sobre Tasas y Precios P\u00fablicos, los solicitantes deber\u00e1n abonar 5 [&hellip;]<\/p>\n","protected":false},"author":1,"featured_media":0,"parent":0,"menu_order":0,"comment_status":"open","ping_status":"open","template":"","meta":{"_genesis_hide_title":false,"_genesis_hide_breadcrumbs":false,"_genesis_hide_singular_image":false,"_genesis_hide_footer_widgets":false,"_genesis_custom_body_class":"","_genesis_custom_post_class":"","_genesis_layout":""},"_links":{"self":[{"href":"https:\/\/cpbelviraespana.educacion.navarra.es\/web\/wp-json\/wp\/v2\/pages\/65"}],"collection":[{"href":"https:\/\/cpbelviraespana.educacion.navarra.es\/web\/wp-json\/wp\/v2\/pages"}],"about":[{"href":"https:\/\/cpbelviraespana.educacion.navarra.es\/web\/wp-json\/wp\/v2\/types\/page"}],"author":[{"embeddable":true,"href":"https:\/\/cpbelviraespana.educacion.navarra.es\/web\/wp-json\/wp\/v2\/users\/1"}],"replies":[{"embeddable":true,"href":"https:\/\/cpbelviraespana.educacion.navarra.es\/web\/wp-json\/wp\/v2\/comments?post=65"}],"version-history":[{"count":2,"href":"https:\/\/cpbelviraespana.educacion.navarra.es\/web\/wp-json\/wp\/v2\/pages\/65\/revisions"}],"predecessor-version":[{"id":1876,"href":"https:\/\/cpbelviraespana.educacion.navarra.es\/web\/wp-json\/wp\/v2\/pages\/65\/revisions\/1876"}],"wp:attachment":[{"href":"https:\/\/cpbelviraespana.educacion.navarra.es\/web\/wp-json\/wp\/v2\/media?parent=65"}],"curies":[{"name":"wp","href":"https:\/\/api.w.org\/{rel}","templated":true}]}}